{"id":519,"date":"2019-10-19T14:06:03","date_gmt":"2019-10-19T12:06:03","guid":{"rendered":"http:\/\/oakmond-publishing2.setek.de\/?page_id=519"},"modified":"2020-08-16T16:49:56","modified_gmt":"2020-08-16T14:49:56","slug":"oakmond-publishing","status":"publish","type":"page","link":"https:\/\/www.oakmond-publishing.com\/de\/","title":{"rendered":"Oakmond Publishing"},"content":{"rendered":"\n<h2 class=\"has-text-align-center wp-block-heading\">Der Verlag f\u00fcr gute (italienischsprachige) B\u00fccher<\/h2>\n\n\n\n<p>Oakmond Publishing ist ein kleiner mittelst\u00e4ndischer Verlag, spezialisiert auf italienischsprachige <a href=\"https:\/\/de.wikipedia.org\/wiki\/Buch\">B\u00fccher<\/a>. Die Inhalte unserer Website sind aus diesm Grund fast ausschlie\u00dflich in <a href=\"https:\/\/de.wikipedia.org\/wiki\/Italienische_Sprache\">Italienisch<\/a> gehalten. <a href=\"\/it\/\">\u00dcber diesen Link hier erreichen Sie den Italienischen Bereich unserer Website<\/a>. Hier finden Sie unter anderem das gesamte <a href=\"\/it\/libri\/\">Verlagsprogramm<\/a> von Oakmond Publishing und viele Informationen \u00fcber unsere <a href=\"\/it\/cat\/autori\/\">Autoren<\/a>. Au\u00dferdem finden Sie dort eine <a href=\"\/it\/la-rubrica-delle-parole-desuete\/\">Rubrik \u00fcber selten genutzte Italienische Worte<\/a>, die sich in Italien zu einer der beliebtesten Sammlung zu diesem Thema entwickelt hat.  <\/p>\n\n\n\n<p>Das gesamt Verlagsprogramm finden Sie auch auf <a href=\"https:\/\/amzn.to\/2Y2Wbiq\" rel=\"sponsored nofollow\">amazon.de<\/a> und auf <a href=\"https:\/\/amzn.to\/3kOzHLW\" rel=\"sponsored nofollow\">amazon.it<\/a> wir hoffen Sie finden etwas was Ihnen gef\u00e4llt. Selbstverst\u00e4ndlich verdienen unsere Autoren und wir auch Geld daran, wenn Sie B\u00fccher bei uns oder \u00fcber amazon kaufen. Insofern ist diese Website und alle ihre Inhalte Werbung.  <br><br>Ihr Oakmond Publishing Team <\/p>\n\n\n\n<figure class=\"wp-block-image\"><img loading=\"lazy\" decoding=\"async\" width=\"301\" height=\"131\" src=\"http:\/\/oakmond-publishing2.setek.de\/wp-content\/uploads\/2019\/09\/birds-transparent-300.png\" alt=\"Oakmond Publishing Signature\" class=\"wp-image-67\" srcset=\"https:\/\/www.oakmond-publishing.com\/wp-content\/uploads\/2019\/09\/birds-transparent-300.png 301w, https:\/\/www.oakmond-publishing.com\/wp-content\/uploads\/2019\/09\/birds-transparent-300-300x131.png 300w\" sizes=\"(max-width: 301px) 100vw, 301px\" \/><\/figure>\n\n\n\n<p><\/p>\n","protected":false},"excerpt":{"rendered":"<p>Der Verlag f\u00fcr gute (italienischsprachige) B\u00fccher Oakmond Publishing ist ein kleiner mittelst\u00e4ndischer Verlag, spezialisiert auf italienischsprachige B\u00fccher. Die Inhalte unserer &#8230; <a title=\"Oakmond Publishing\" class=\"read-more\" href=\"https:\/\/www.oakmond-publishing.com\/de\/\" aria-label=\"Mehr Informationen \u00fcber Oakmond Publishing\">Weiterlesen &#8230;<\/a><\/p>\n","protected":false},"author":1,"featured_media":0,"parent":0,"menu_order":0,"comment_status":"closed","ping_status":"closed","template":"","meta":{"inline_featured_image":false,"footnotes":""},"yoast_head":"<!-- This site is optimized with the Yoast SEO plugin v22.0 - https:\/\/yoast.com\/wordpress\/plugins\/seo\/ -->\n<title>Verlag f\u00fcr italienischsprachige B\u00fccher - Oakmond Publishing<\/title>\n<meta name=\"description\" content=\"Oakmond Publishing ist ein mittelst\u00e4ndischer Verlag, spezielisiert auf italienische bzw. italienischsprachige B\u00fccher.\" \/>\n<meta name=\"robots\" content=\"index, follow, max-snippet:-1, max-image-preview:large, max-video-preview:-1\" \/>\n<link rel=\"canonical\" href=\"https:\/\/www.oakmond-publishing.com\/de\/\" \/>\n<meta property=\"og:locale\" content=\"de_DE\" \/>\n<meta property=\"og:type\" content=\"article\" \/>\n<meta property=\"og:title\" content=\"Verlag f\u00fcr italienischsprachige B\u00fccher - Oakmond Publishing\" \/>\n<meta property=\"og:description\" content=\"Oakmond Publishing ist ein mittelst\u00e4ndischer Verlag, spezielisiert auf italienische bzw. italienischsprachige B\u00fccher.\" \/>\n<meta property=\"og:url\" content=\"https:\/\/www.oakmond-publishing.com\/de\/\" \/>\n<meta property=\"og:site_name\" content=\"Oakmond Publishing\" \/>\n<meta property=\"article:modified_time\" content=\"2020-08-16T14:49:56+00:00\" \/>\n<meta property=\"og:image\" content=\"http:\/\/oakmond-publishing2.setek.de\/wp-content\/uploads\/2019\/09\/birds-transparent-300.png\" \/>\n<meta name=\"twitter:card\" content=\"summary_large_image\" \/>\n<meta name=\"twitter:label1\" content=\"Gesch\u00e4tzte Lesezeit\" \/>\n\t<meta name=\"twitter:data1\" content=\"1\u00a0Minute\" \/>\n<script type=\"application\/ld+json\" class=\"yoast-schema-graph\">{\"@context\":\"https:\/\/schema.org\",\"@graph\":[{\"@type\":\"WebPage\",\"@id\":\"https:\/\/www.oakmond-publishing.com\/de\/\",\"url\":\"https:\/\/www.oakmond-publishing.com\/de\/\",\"name\":\"Verlag f\u00fcr italienischsprachige B\u00fccher - Oakmond Publishing\",\"isPartOf\":{\"@id\":\"https:\/\/www.oakmond-publishing.com\/de\/it\/#website\"},\"datePublished\":\"2019-10-19T12:06:03+00:00\",\"dateModified\":\"2020-08-16T14:49:56+00:00\",\"description\":\"Oakmond Publishing ist ein mittelst\u00e4ndischer Verlag, spezielisiert auf italienische bzw. italienischsprachige B\u00fccher.\",\"breadcrumb\":{\"@id\":\"https:\/\/www.oakmond-publishing.com\/de\/#breadcrumb\"},\"inLanguage\":\"de\",\"potentialAction\":[{\"@type\":\"ReadAction\",\"target\":[\"https:\/\/www.oakmond-publishing.com\/de\/\"]}]},{\"@type\":\"BreadcrumbList\",\"@id\":\"https:\/\/www.oakmond-publishing.com\/de\/#breadcrumb\",\"itemListElement\":[{\"@type\":\"ListItem\",\"position\":1,\"name\":\"Startseite\",\"item\":\"https:\/\/www.oakmond-publishing.com\/de\/\"},{\"@type\":\"ListItem\",\"position\":2,\"name\":\"Oakmond Publishing\"}]},{\"@type\":\"WebSite\",\"@id\":\"https:\/\/www.oakmond-publishing.com\/de\/it\/#website\",\"url\":\"https:\/\/www.oakmond-publishing.com\/de\/it\/\",\"name\":\"Oakmond Publishing\",\"description\":\"Best Books for You\",\"publisher\":{\"@id\":\"https:\/\/www.oakmond-publishing.com\/de\/it\/#organization\"},\"potentialAction\":[{\"@type\":\"SearchAction\",\"target\":{\"@type\":\"EntryPoint\",\"urlTemplate\":\"https:\/\/www.oakmond-publishing.com\/de\/it\/?s={search_term_string}\"},\"query-input\":\"required name=search_term_string\"}],\"inLanguage\":\"de\"},{\"@type\":\"Organization\",\"@id\":\"https:\/\/www.oakmond-publishing.com\/de\/it\/#organization\",\"name\":\"Oakmond Publishing\",\"url\":\"https:\/\/www.oakmond-publishing.com\/de\/it\/\",\"logo\":{\"@type\":\"ImageObject\",\"inLanguage\":\"de\",\"@id\":\"https:\/\/www.oakmond-publishing.com\/de\/it\/#\/schema\/logo\/image\/\",\"url\":\"https:\/\/www.oakmond-publishing.com\/wp-content\/uploads\/2024\/02\/Oakmond-Publishing-Logo-weiss-150x44-1.png\",\"contentUrl\":\"https:\/\/www.oakmond-publishing.com\/wp-content\/uploads\/2024\/02\/Oakmond-Publishing-Logo-weiss-150x44-1.png\",\"width\":150,\"height\":44,\"caption\":\"Oakmond Publishing\"},\"image\":{\"@id\":\"https:\/\/www.oakmond-publishing.com\/de\/it\/#\/schema\/logo\/image\/\"}}]}<\/script>\n<!-- \/ Yoast SEO plugin. -->","yoast_head_json":{"title":"Verlag f\u00fcr italienischsprachige B\u00fccher - Oakmond Publishing","description":"Oakmond Publishing ist ein mittelst\u00e4ndischer Verlag, spezielisiert auf italienische bzw. italienischsprachige B\u00fccher.","robots":{"index":"index","follow":"follow","max-snippet":"max-snippet:-1","max-image-preview":"max-image-preview:large","max-video-preview":"max-video-preview:-1"},"canonical":"https:\/\/www.oakmond-publishing.com\/de\/","og_locale":"de_DE","og_type":"article","og_title":"Verlag f\u00fcr italienischsprachige B\u00fccher - Oakmond Publishing","og_description":"Oakmond Publishing ist ein mittelst\u00e4ndischer Verlag, spezielisiert auf italienische bzw. italienischsprachige B\u00fccher.","og_url":"https:\/\/www.oakmond-publishing.com\/de\/","og_site_name":"Oakmond Publishing","article_modified_time":"2020-08-16T14:49:56+00:00","og_image":[{"url":"http:\/\/oakmond-publishing2.setek.de\/wp-content\/uploads\/2019\/09\/birds-transparent-300.png"}],"twitter_card":"summary_large_image","twitter_misc":{"Gesch\u00e4tzte Lesezeit":"1\u00a0Minute"},"schema":{"@context":"https:\/\/schema.org","@graph":[{"@type":"WebPage","@id":"https:\/\/www.oakmond-publishing.com\/de\/","url":"https:\/\/www.oakmond-publishing.com\/de\/","name":"Verlag f\u00fcr italienischsprachige B\u00fccher - Oakmond Publishing","isPartOf":{"@id":"https:\/\/www.oakmond-publishing.com\/de\/it\/#website"},"datePublished":"2019-10-19T12:06:03+00:00","dateModified":"2020-08-16T14:49:56+00:00","description":"Oakmond Publishing ist ein mittelst\u00e4ndischer Verlag, spezielisiert auf italienische bzw. italienischsprachige B\u00fccher.","breadcrumb":{"@id":"https:\/\/www.oakmond-publishing.com\/de\/#breadcrumb"},"inLanguage":"de","potentialAction":[{"@type":"ReadAction","target":["https:\/\/www.oakmond-publishing.com\/de\/"]}]},{"@type":"BreadcrumbList","@id":"https:\/\/www.oakmond-publishing.com\/de\/#breadcrumb","itemListElement":[{"@type":"ListItem","position":1,"name":"Startseite","item":"https:\/\/www.oakmond-publishing.com\/de\/"},{"@type":"ListItem","position":2,"name":"Oakmond Publishing"}]},{"@type":"WebSite","@id":"https:\/\/www.oakmond-publishing.com\/de\/it\/#website","url":"https:\/\/www.oakmond-publishing.com\/de\/it\/","name":"Oakmond Publishing","description":"Best Books for You","publisher":{"@id":"https:\/\/www.oakmond-publishing.com\/de\/it\/#organization"},"potentialAction":[{"@type":"SearchAction","target":{"@type":"EntryPoint","urlTemplate":"https:\/\/www.oakmond-publishing.com\/de\/it\/?s={search_term_string}"},"query-input":"required name=search_term_string"}],"inLanguage":"de"},{"@type":"Organization","@id":"https:\/\/www.oakmond-publishing.com\/de\/it\/#organization","name":"Oakmond Publishing","url":"https:\/\/www.oakmond-publishing.com\/de\/it\/","logo":{"@type":"ImageObject","inLanguage":"de","@id":"https:\/\/www.oakmond-publishing.com\/de\/it\/#\/schema\/logo\/image\/","url":"https:\/\/www.oakmond-publishing.com\/wp-content\/uploads\/2024\/02\/Oakmond-Publishing-Logo-weiss-150x44-1.png","contentUrl":"https:\/\/www.oakmond-publishing.com\/wp-content\/uploads\/2024\/02\/Oakmond-Publishing-Logo-weiss-150x44-1.png","width":150,"height":44,"caption":"Oakmond Publishing"},"image":{"@id":"https:\/\/www.oakmond-publishing.com\/de\/it\/#\/schema\/logo\/image\/"}}]}},"_links":{"self":[{"href":"https:\/\/www.oakmond-publishing.com\/de\/wp-json\/wp\/v2\/pages\/519"}],"collection":[{"href":"https:\/\/www.oakmond-publishing.com\/de\/wp-json\/wp\/v2\/pages"}],"about":[{"href":"https:\/\/www.oakmond-publishing.com\/de\/wp-json\/wp\/v2\/types\/page"}],"author":[{"embeddable":true,"href":"https:\/\/www.oakmond-publishing.com\/de\/wp-json\/wp\/v2\/users\/1"}],"replies":[{"embeddable":true,"href":"https:\/\/www.oakmond-publishing.com\/de\/wp-json\/wp\/v2\/comments?post=519"}],"version-history":[{"count":7,"href":"https:\/\/www.oakmond-publishing.com\/de\/wp-json\/wp\/v2\/pages\/519\/revisions"}],"predecessor-version":[{"id":4642,"href":"https:\/\/www.oakmond-publishing.com\/de\/wp-json\/wp\/v2\/pages\/519\/revisions\/4642"}],"wp:attachment":[{"href":"https:\/\/www.oakmond-publishing.com\/de\/wp-json\/wp\/v2\/media?parent=519"}],"curies":[{"name":"wp","href":"https:\/\/api.w.org\/{rel}","templated":true}]}}