{"id":114,"date":"2019-09-27T15:22:47","date_gmt":"2019-09-27T13:22:47","guid":{"rendered":"http:\/\/oakmond-publishing2.setek.de\/?page_id=114"},"modified":"2020-08-16T16:48:39","modified_gmt":"2020-08-16T14:48:39","slug":"impressum","status":"publish","type":"page","link":"https:\/\/www.oakmond-publishing.com\/de\/impressum\/","title":{"rendered":"Impressum"},"content":{"rendered":"\n<h4 class=\"wp-block-heading\">Herausgeber dieser Website im Sinne des \u00a75 TMG i.V.m \u00a755 RStV ist:<\/h4>\n\n\n\n<p>Oakmond GmbH &amp; Co. KG<br>Augsburger Strasse 70<br>89312 G\u00fcnzburg<br>Telefon: +49 8221 204 31 0<br>Telefax: +49 8221 204 31 101<br>Email: info(at)oakmond-publishing.de<br>HRA Memmingen: 13055<br>USt. ID: DE311909053<\/p>\n\n\n\n<p>vertreten durch die pers\u00f6nlich haftende Gesellschafterin:<br>Eagle Trading GmbH<br>Augsburger Strasse 70<br>89312 G\u00fcnzburg<br>Gesch\u00e4ftsf\u00fchrer: Dr. Giada Trebeschi, Torsten Kruemmel<br>HRB Memmingen: 15447<br>USt. ID: DE 288 732 565<\/p>\n\n\n\n<h3 class=\"wp-block-heading\"><strong>EU-Plattform zur Online-Streitschlichtung<\/strong><\/h3>\n\n\n\n<p>Die Europ\u00e4ische Kommission stellt eine Plattform f\u00fcr die au\u00dfergerichtliche Online-Streitbeilegung (OS-Plattform) bereit, die unter <a href=\"http:\/\/www.ec.europa.eu\/consumers\/odr\">www.ec.europa.eu\/consumers\/odr<\/a> aufrufbar ist. Wir sind weder verpflichtet noch bereit, an dem Streitschlichtungsverfahren teilzunehmen.<\/p>\n\n\n\n<h3 class=\"wp-block-heading\"><strong>HAFTUNGSAUSSCHLUSS<\/strong><\/h3>\n\n\n\n<p>Die Oakmond GmbH &amp; Co. KG (im Folgenden auch &#8222;Oakmond&#8220;  genannt), als Betreiber der Websit oakmond-publishing.com (im folgenden  auch &#8222;diese Website&#8220; oder &#8222;die Website&#8220; genannt), \u00fcbernimmt keine  Gew\u00e4hr f\u00fcr die Richtigkeit, Vollst\u00e4ndigkeit und Aktualit\u00e4t der auf  dieser Website enthaltenen Informationen. In keinem Fall wird f\u00fcr  Sch\u00e4den, die sich aus der Nutzung oder Nichtnutzung dieser Website  ergeben, Haftung \u00fcbernommen. F\u00fcr alle auf dieser Website enthaltenen  externen Links, die auf andere Websites verweisen, auf denen Inhalte  angeboten werden, die von Dritten zu verantworten sind, wird keine wie  auch immer geartete Haftung, insbesondere, aber nicht nur, bez\u00fcglich der  dort befindlichen Inhalte \u00fcbernommen. Eagle erkl\u00e4rt hiermit, keinerlei  Einfluss auf die aktuelle und zuk\u00fcnftige Gestaltung, die Inhalte oder  die Urheberschaft der verlinkten Seiten zu haben, distanziert sich  hiermit ausdr\u00fccklich von s\u00e4mtlichen Inhalten aller auf dieser Website  verlinkten Websites und Seiten und macht sich diese Inhalte in keinem  Fall zu Eigen.<\/p>\n\n\n\n<h3 class=\"wp-block-heading\"><strong>URHEBERRECHTE<\/strong><\/h3>\n\n\n\n<p>Alle Texte, Bilder, Inhalte und Strukturen der Webseite \nwww.oakmond-publishing.com sind urheberrechtlich gesch\u00fctzt. \nInformationen oder Daten (Text-, Bild-, Graphik-, Foto-, Ton- oder \nVideodateien) dieser Website d\u00fcrfen ohne vorherige schriftliche \nZustimmung durch Eagle weder in irgendeiner Form verwendet, noch \nreproduziert werden. Verwendete Marken und Logos sind Eigentum der \njeweiligen Markeninhaber. Eigenm\u00e4chtige Ver\u00e4nderungen von Inhalten oder \nGestaltung dieser Website oder Einflussnahme auf die Erreichbarkeit oder\n Verf\u00fcgbarkeit dieser Website sind nicht gestattet, auch nicht durch \nDritte, die ihre Rechte durch Inhalte oder Gestaltung dieser Website \nverletzt sehen. Sollte Inhalt oder Aufmachung dieser Website die Rechte \nDritter oder gesetzliche Bestimmungen verletzen, sichert Eagle zu diese \nauf Basis einer Nachricht ohne Kostennote, von der dies zu Recht \nbeanstandenden Person oder deren bevollm\u00e4chtigten Vertreter, \nunverz\u00fcglich zu entfernen oder abzu\u00e4ndern, ohne dass von Seite des \nRechteinhabers die Einschaltung eines Rechtsbeistandes erforderlich ist.\n Ohne vorherige Kontaktaufnahme ausgel\u00f6ste Kosten werden vollumf\u00e4nglich \nzur\u00fcckgewiesen, wobei Eagle sich vorbeh\u00e4lt, Gegenklage wegen Verletzung \nvorgenannter Bestimmungen zu erheben.<\/p>\n\n\n\n<p>Downloads auf der Presseseite (Fotos und Beschreibungen) und der \nSeite \u201cExtras (Downloads)\u201c sind f\u00fcr die Verwendung gem\u00e4\u00df der jeweiligen \nAngaben und Lizenzen gestattet. Eine dar\u00fcber hinausgehende Verwendung \nbedarf einer schriftlichen Genehmigung durch Eagle. Soweit auf \noakmond-publishing.de bereitgestellte Fotos zu journalistischen Zwecken \nverwendet werden, ist auf die korrekte Angabe des Copyrights zu achten.<\/p>\n\n\n\n<h3 class=\"wp-block-heading\"><strong>VERF\u00dcGBARKEIT<\/strong><\/h3>\n\n\n\n<p>Der Webseitenbetreiber beh\u00e4lt es sich ausdr\u00fccklich vor, Teile der \nSeiten oder das gesamte Angebot ohne gesonderte Ank\u00fcndigung zu \nver\u00e4ndern, zu erg\u00e4nzen, zu l\u00f6schen oder die Ver\u00f6ffentlichung zeitweise \noder endg\u00fcltig einzustellen.<\/p>\n\n\n\n<h3 class=\"wp-block-heading\"><strong>DATENSCHUTZ<\/strong><\/h3>\n\n\n\n<p>Der Schutz personenbezogener Daten ist dem Herausgeber dieser \nInternetpr\u00e4senz ein sehr wichtiges Anliegen. Details zum Datenschutz auf\n dieser Website finden Sie in unserer <a href=\"https:\/\/www.oakmond-publishing.com\/datenschutz\">Datenschutzerkl\u00e4rung www.oakmond-publishing.com\/datenschutz<\/a><\/p>\n\n\n\n<h3 class=\"wp-block-heading\"><strong>VERWENDUNG VON PLUGINS<\/strong><\/h3>\n\n\n\n<p>Auf diesen Internetseiten werden Plugins des sozialen Netzwerkes \nfacebook.com, das von der Facebook Inc., 1601 S. California Ave, Palo \nAlto, CA 94304, USA (im fFolgenden auch \u201cFacebook\u201c genannt) betrieben \nwird sowie solche von Google inc., Googleplex, 1600 Amphitheatre Pkwy, \nMountain View, CA 94043, USA (im Folgenden auch &#8222;Google&#8220; genannte) \n(gemeinschaftlich auch Serverbetreiber genannt) verwendet. Wenn Sie mit \neinem solchen Plugin versehene Internetseiten unserer Internetpr\u00e4senz \naufrufen, wird eine Verbindung zu den Servern des entsprechenden \nBetreibers hergestellt und dabei das Plugin und entsprechende Inhalte in\n Ihrem Browser dargestellt. Hierdurch wird an die Serverbetreiber \n\u00fcbermittelt, welche unserer Internetseiten Sie besucht haben. Sind Sie \ndabei als Mitglied bei Facebook oder Google eingeloggt, ordnet Facebook \noder Google diese Information Ihrem pers\u00f6nlichen Benutzerkonto zu. Bei \nder Nutzung der Plugin-Funktionen (z.B. Anklicken des \u201cGef\u00e4llt \nmir\u201c-Buttons, Abgabe eines Kommentars) werden auch diese Informationen \nIhrem Facebook-Konto zugeordnet, was Sie nur durch Ausloggen vor Nutzung\n des Plugins verhindern k\u00f6nnen. N\u00e4here Informationen zur Erhebung und \nNutzung der Daten durch Facebook und Googel, \u00fcber Ihre diesbez\u00fcglichen \nRechte und M\u00f6glichkeiten zum Schutz Ihrer Privatsph\u00e4re finden Sie in den\n Datenschutzhinweisen von Facebook und Google.<\/p>\n\n\n\n<h3 class=\"wp-block-heading\"><strong>RECHTSWIRKSAMKEIT DIESER NUTZUNGSBEDINGUNGEN<\/strong><\/h3>\n\n\n\n<p>Diese Nutzungsbedingungen gelten f\u00fcr die gesamte Webseite unter \ns\u00e4mtlichen Domains (inklusive, aber nicht beschr\u00e4nkt auf: \noakmond-publishing.de, oakmond-publishing.com), von der diese Seite ein \nTeil ist. Sofern Teile oder einzelne Formulierungen dieses Textes der \ngeltenden Rechtslage nicht, nicht mehr oder nicht vollst\u00e4ndig \nentsprechen sollten, bleiben die \u00fcbrigen Teile des Dokumentes in ihrem \nInhalt und ihrer G\u00fcltigkeit davon unber\u00fchrt.<\/p>\n\n\n\n<h3 class=\"wp-block-heading\"><strong>Hinweis zu eingesandten Manuskripten<\/strong><\/h3>\n\n\n\n<p>F\u00fcr unverlangt eingesandtes Material \u00fcbernehmen wir keinerlei \nHaftung. Bitte sicken sie in keinem Fall&nbsp; Originale! R\u00fccksendungen sind \nuns leider nicht m\u00f6glich.<\/p>\n\n\n\n<p>Stand: 20. Juli 2020<\/p>\n","protected":false},"excerpt":{"rendered":"<p>Herausgeber dieser Website im Sinne des \u00a75 TMG i.V.m \u00a755 RStV ist: Oakmond GmbH &amp; Co. KGAugsburger Strasse 7089312 G\u00fcnzburgTelefon: &#8230; <a title=\"Impressum\" class=\"read-more\" href=\"https:\/\/www.oakmond-publishing.com\/de\/impressum\/\" aria-label=\"Mehr Informationen \u00fcber Impressum\">Weiterlesen &#8230;<\/a><\/p>\n","protected":false},"author":1,"featured_media":0,"parent":0,"menu_order":0,"comment_status":"closed","ping_status":"closed","template":"","meta":{"inline_featured_image":false,"footnotes":""},"yoast_head":"<!-- This site is optimized with the Yoast SEO plugin v22.0 - https:\/\/yoast.com\/wordpress\/plugins\/seo\/ -->\n<title>Impressum - Oakmond Publishing<\/title>\n<meta name=\"robots\" content=\"index, follow, max-snippet:-1, max-image-preview:large, max-video-preview:-1\" \/>\n<link rel=\"canonical\" href=\"https:\/\/www.oakmond-publishing.com\/de\/impressum\/\" \/>\n<meta property=\"og:locale\" content=\"de_DE\" \/>\n<meta property=\"og:type\" content=\"article\" \/>\n<meta property=\"og:title\" content=\"Impressum - Oakmond Publishing\" \/>\n<meta property=\"og:description\" content=\"Herausgeber dieser Website im Sinne des \u00a75 TMG i.V.m \u00a755 RStV ist: Oakmond GmbH &amp; Co. KGAugsburger Strasse 7089312 G\u00fcnzburgTelefon: ... Weiterlesen ...\" \/>\n<meta property=\"og:url\" content=\"https:\/\/www.oakmond-publishing.com\/de\/impressum\/\" \/>\n<meta property=\"og:site_name\" content=\"Oakmond Publishing\" \/>\n<meta property=\"article:modified_time\" content=\"2020-08-16T14:48:39+00:00\" \/>\n<meta name=\"twitter:card\" content=\"summary_large_image\" \/>\n<meta name=\"twitter:label1\" content=\"Gesch\u00e4tzte Lesezeit\" \/>\n\t<meta name=\"twitter:data1\" content=\"4\u00a0Minuten\" \/>\n<script type=\"application\/ld+json\" class=\"yoast-schema-graph\">{\"@context\":\"https:\/\/schema.org\",\"@graph\":[{\"@type\":\"WebPage\",\"@id\":\"https:\/\/www.oakmond-publishing.com\/de\/impressum\/\",\"url\":\"https:\/\/www.oakmond-publishing.com\/de\/impressum\/\",\"name\":\"Impressum - Oakmond Publishing\",\"isPartOf\":{\"@id\":\"https:\/\/www.oakmond-publishing.com\/de\/it\/#website\"},\"datePublished\":\"2019-09-27T13:22:47+00:00\",\"dateModified\":\"2020-08-16T14:48:39+00:00\",\"breadcrumb\":{\"@id\":\"https:\/\/www.oakmond-publishing.com\/de\/impressum\/#breadcrumb\"},\"inLanguage\":\"de\",\"potentialAction\":[{\"@type\":\"ReadAction\",\"target\":[\"https:\/\/www.oakmond-publishing.com\/de\/impressum\/\"]}]},{\"@type\":\"BreadcrumbList\",\"@id\":\"https:\/\/www.oakmond-publishing.com\/de\/impressum\/#breadcrumb\",\"itemListElement\":[{\"@type\":\"ListItem\",\"position\":1,\"name\":\"Startseite\",\"item\":\"https:\/\/www.oakmond-publishing.com\/de\/\"},{\"@type\":\"ListItem\",\"position\":2,\"name\":\"Impressum\"}]},{\"@type\":\"WebSite\",\"@id\":\"https:\/\/www.oakmond-publishing.com\/de\/it\/#website\",\"url\":\"https:\/\/www.oakmond-publishing.com\/de\/it\/\",\"name\":\"Oakmond Publishing\",\"description\":\"Best Books for You\",\"publisher\":{\"@id\":\"https:\/\/www.oakmond-publishing.com\/de\/it\/#organization\"},\"potentialAction\":[{\"@type\":\"SearchAction\",\"target\":{\"@type\":\"EntryPoint\",\"urlTemplate\":\"https:\/\/www.oakmond-publishing.com\/de\/it\/?s={search_term_string}\"},\"query-input\":\"required name=search_term_string\"}],\"inLanguage\":\"de\"},{\"@type\":\"Organization\",\"@id\":\"https:\/\/www.oakmond-publishing.com\/de\/it\/#organization\",\"name\":\"Oakmond Publishing\",\"url\":\"https:\/\/www.oakmond-publishing.com\/de\/it\/\",\"logo\":{\"@type\":\"ImageObject\",\"inLanguage\":\"de\",\"@id\":\"https:\/\/www.oakmond-publishing.com\/de\/it\/#\/schema\/logo\/image\/\",\"url\":\"https:\/\/www.oakmond-publishing.com\/wp-content\/uploads\/2024\/02\/Oakmond-Publishing-Logo-weiss-150x44-1.png\",\"contentUrl\":\"https:\/\/www.oakmond-publishing.com\/wp-content\/uploads\/2024\/02\/Oakmond-Publishing-Logo-weiss-150x44-1.png\",\"width\":150,\"height\":44,\"caption\":\"Oakmond Publishing\"},\"image\":{\"@id\":\"https:\/\/www.oakmond-publishing.com\/de\/it\/#\/schema\/logo\/image\/\"}}]}<\/script>\n<!-- \/ Yoast SEO plugin. -->","yoast_head_json":{"title":"Impressum - Oakmond Publishing","robots":{"index":"index","follow":"follow","max-snippet":"max-snippet:-1","max-image-preview":"max-image-preview:large","max-video-preview":"max-video-preview:-1"},"canonical":"https:\/\/www.oakmond-publishing.com\/de\/impressum\/","og_locale":"de_DE","og_type":"article","og_title":"Impressum - Oakmond Publishing","og_description":"Herausgeber dieser Website im Sinne des \u00a75 TMG i.V.m \u00a755 RStV ist: Oakmond GmbH &amp; Co. KGAugsburger Strasse 7089312 G\u00fcnzburgTelefon: ... Weiterlesen ...","og_url":"https:\/\/www.oakmond-publishing.com\/de\/impressum\/","og_site_name":"Oakmond Publishing","article_modified_time":"2020-08-16T14:48:39+00:00","twitter_card":"summary_large_image","twitter_misc":{"Gesch\u00e4tzte Lesezeit":"4\u00a0Minuten"},"schema":{"@context":"https:\/\/schema.org","@graph":[{"@type":"WebPage","@id":"https:\/\/www.oakmond-publishing.com\/de\/impressum\/","url":"https:\/\/www.oakmond-publishing.com\/de\/impressum\/","name":"Impressum - Oakmond Publishing","isPartOf":{"@id":"https:\/\/www.oakmond-publishing.com\/de\/it\/#website"},"datePublished":"2019-09-27T13:22:47+00:00","dateModified":"2020-08-16T14:48:39+00:00","breadcrumb":{"@id":"https:\/\/www.oakmond-publishing.com\/de\/impressum\/#breadcrumb"},"inLanguage":"de","potentialAction":[{"@type":"ReadAction","target":["https:\/\/www.oakmond-publishing.com\/de\/impressum\/"]}]},{"@type":"BreadcrumbList","@id":"https:\/\/www.oakmond-publishing.com\/de\/impressum\/#breadcrumb","itemListElement":[{"@type":"ListItem","position":1,"name":"Startseite","item":"https:\/\/www.oakmond-publishing.com\/de\/"},{"@type":"ListItem","position":2,"name":"Impressum"}]},{"@type":"WebSite","@id":"https:\/\/www.oakmond-publishing.com\/de\/it\/#website","url":"https:\/\/www.oakmond-publishing.com\/de\/it\/","name":"Oakmond Publishing","description":"Best Books for You","publisher":{"@id":"https:\/\/www.oakmond-publishing.com\/de\/it\/#organization"},"potentialAction":[{"@type":"SearchAction","target":{"@type":"EntryPoint","urlTemplate":"https:\/\/www.oakmond-publishing.com\/de\/it\/?s={search_term_string}"},"query-input":"required name=search_term_string"}],"inLanguage":"de"},{"@type":"Organization","@id":"https:\/\/www.oakmond-publishing.com\/de\/it\/#organization","name":"Oakmond Publishing","url":"https:\/\/www.oakmond-publishing.com\/de\/it\/","logo":{"@type":"ImageObject","inLanguage":"de","@id":"https:\/\/www.oakmond-publishing.com\/de\/it\/#\/schema\/logo\/image\/","url":"https:\/\/www.oakmond-publishing.com\/wp-content\/uploads\/2024\/02\/Oakmond-Publishing-Logo-weiss-150x44-1.png","contentUrl":"https:\/\/www.oakmond-publishing.com\/wp-content\/uploads\/2024\/02\/Oakmond-Publishing-Logo-weiss-150x44-1.png","width":150,"height":44,"caption":"Oakmond Publishing"},"image":{"@id":"https:\/\/www.oakmond-publishing.com\/de\/it\/#\/schema\/logo\/image\/"}}]}},"_links":{"self":[{"href":"https:\/\/www.oakmond-publishing.com\/de\/wp-json\/wp\/v2\/pages\/114"}],"collection":[{"href":"https:\/\/www.oakmond-publishing.com\/de\/wp-json\/wp\/v2\/pages"}],"about":[{"href":"https:\/\/www.oakmond-publishing.com\/de\/wp-json\/wp\/v2\/types\/page"}],"author":[{"embeddable":true,"href":"https:\/\/www.oakmond-publishing.com\/de\/wp-json\/wp\/v2\/users\/1"}],"replies":[{"embeddable":true,"href":"https:\/\/www.oakmond-publishing.com\/de\/wp-json\/wp\/v2\/comments?post=114"}],"version-history":[{"count":5,"href":"https:\/\/www.oakmond-publishing.com\/de\/wp-json\/wp\/v2\/pages\/114\/revisions"}],"predecessor-version":[{"id":4640,"href":"https:\/\/www.oakmond-publishing.com\/de\/wp-json\/wp\/v2\/pages\/114\/revisions\/4640"}],"wp:attachment":[{"href":"https:\/\/www.oakmond-publishing.com\/de\/wp-json\/wp\/v2\/media?parent=114"}],"curies":[{"name":"wp","href":"https:\/\/api.w.org\/{rel}","templated":true}]}}